{"id":115,"date":"2018-10-05T16:04:01","date_gmt":"2018-10-05T19:04:01","guid":{"rendered":"https:\/\/www.infraworld.com.br\/?page_id=115"},"modified":"2023-11-21T01:34:10","modified_gmt":"2023-11-21T04:34:10","slug":"suporte","status":"publish","type":"page","link":"https:\/\/www.infraworld.com.br\/?page_id=115","title":{"rendered":"Suporte"},"content":{"rendered":"<p>Para obter suporte voc\u00ea deve enviar um e-mail para <a href=\"mailto:suporte@infraworld.com.br\">suporte@infraworld.com.br<\/a> com as informa\u00e7\u00f5es de contato e descrevendo sua necessidade, para solicita\u00e7\u00f5es de or\u00e7amento deve-se utilizar o endere\u00e7o <a href=\"mailto:contato@infraworld.com.br\">contato@infraworld.com.br<\/a>.<\/p>\n<p>Voc\u00ea tamb\u00e9m poder\u00e1 solicitar via formul\u00e1rio de suporte:\u00a0<a href=\"mailto:suporte@infraworld.com.br\" target=\"_blank\" rel=\"noopener noreferrer\">Enviar Email<\/a><\/p>\n","protected":false},"excerpt":{"rendered":"<p>Para obter suporte voc\u00ea deve enviar um e-mail para suporte@infraworld.com.br com as informa\u00e7\u00f5es de contato e descrevendo sua necessidade, para solicita\u00e7\u00f5es de or\u00e7amento deve-se utilizar o endere\u00e7o contato@infraworld.com.br. Voc\u00ea tamb\u00e9m poder\u00e1 solicitar via formul\u00e1rio de suporte:\u00a0Enviar Email<\/p>\n","protected":false},"author":1,"featured_media":0,"parent":0,"menu_order":0,"comment_status":"closed","ping_status":"closed","template":"","meta":{"footnotes":""},"class_list":["post-115","page","type-page","status-publish","hentry"],"_links":{"self":[{"href":"https:\/\/www.infraworld.com.br\/index.php?rest_route=\/wp\/v2\/pages\/115","targetHints":{"allow":["GET"]}}],"collection":[{"href":"https:\/\/www.infraworld.com.br\/index.php?rest_route=\/wp\/v2\/pages"}],"about":[{"href":"https:\/\/www.infraworld.com.br\/index.php?rest_route=\/wp\/v2\/types\/page"}],"author":[{"embeddable":true,"href":"https:\/\/www.infraworld.com.br\/index.php?rest_route=\/wp\/v2\/users\/1"}],"replies":[{"embeddable":true,"href":"https:\/\/www.infraworld.com.br\/index.php?rest_route=%2Fwp%2Fv2%2Fcomments&post=115"}],"version-history":[{"count":5,"href":"https:\/\/www.infraworld.com.br\/index.php?rest_route=\/wp\/v2\/pages\/115\/revisions"}],"predecessor-version":[{"id":205,"href":"https:\/\/www.infraworld.com.br\/index.php?rest_route=\/wp\/v2\/pages\/115\/revisions\/205"}],"wp:attachment":[{"href":"https:\/\/www.infraworld.com.br\/index.php?rest_route=%2Fwp%2Fv2%2Fmedia&parent=115"}],"curies":[{"name":"wp","href":"https:\/\/api.w.org\/{rel}","templated":true}]}}